{"id":13,"date":"2025-09-02T14:53:45","date_gmt":"2025-09-02T14:53:45","guid":{"rendered":"https:\/\/nhalapghepthienan.com\/?page_id=13"},"modified":"2025-09-02T15:15:44","modified_gmt":"2025-09-02T15:15:44","slug":"lien-he","status":"publish","type":"page","link":"https:\/\/nhalapghepthienan.com\/index.php\/lien-he\/","title":{"rendered":"Li\u00ean h\u1ec7"},"content":{"rendered":"<div class=\"wp-block-image\">\n<figure class=\"aligncenter size-full\"><img loading=\"lazy\" decoding=\"async\" width=\"2048\" height=\"1152\" src=\"https:\/\/nhalapghepthienan.com\/wp-content\/uploads\/2025\/09\/Anh-bia-Youtube.png\" alt=\"Nh\u00e0 l\u1eafp gh\u00e9p Thi\u00ean \u00c2n\" class=\"wp-image-34\" srcset=\"https:\/\/nhalapghepthienan.com\/wp-content\/uploads\/2025\/09\/Anh-bia-Youtube.png 2048w, https:\/\/nhalapghepthienan.com\/wp-content\/uploads\/2025\/09\/Anh-bia-Youtube-300x169.png 300w, https:\/\/nhalapghepthienan.com\/wp-content\/uploads\/2025\/09\/Anh-bia-Youtube-1024x576.png 1024w, https:\/\/nhalapghepthienan.com\/wp-content\/uploads\/2025\/09\/Anh-bia-Youtube-768x432.png 768w, https:\/\/nhalapghepthienan.com\/wp-content\/uploads\/2025\/09\/Anh-bia-Youtube-1536x864.png 1536w\" sizes=\"auto, (max-width: 2048px) 100vw, 2048px\" \/><\/figure><\/div>\n\n\n<iframe src=\"https:\/\/www.google.com\/maps\/embed?pb=!1m18!1m12!1m3!1d3925.384856186265!2d106.34620247583511!3d10.3110529676035!2m3!1f0!2f0!3f0!3m2!1i1024!2i768!4f13.1!3m3!1m2!1s0x310aaf005ca1524d%3A0xc66c6e91f0b32796!2zTkjDgCBM4bquUCBHSMOJUCBUSEnDik4gw4JO!5e0!3m2!1svi!2sus!4v1756825941341!5m2!1svi!2sus\" width=\"100%\" height=\"450\" style=\"border:0;\" allowfullscreen=\"\" loading=\"lazy\" referrerpolicy=\"no-referrer-when-downgrade\"><\/iframe>\n\n\n\n<ul class=\"wp-block-list\">\n<li><strong>\u0110\u1ecba ch\u1ec9: 01 KP. M\u1ef9 An, x\u00e3 Ph\u00fa T\u00fac, t\u1ec9nh V\u0129nh Long.<\/strong><\/li>\n\n\n\n<li><strong>\u0110i\u1ec7n tho\u1ea1i: 0907212477<\/strong><\/li>\n\n\n\n<li><strong>Email: nhalapghepthienan@gmail.com<\/strong><\/li>\n<\/ul>\n\n\n\n<p><\/p>\n","protected":false},"excerpt":{"rendered":"","protected":false},"author":1,"featured_media":0,"parent":0,"menu_order":0,"comment_status":"closed","ping_status":"closed","template":"","meta":{"footnotes":""},"class_list":["post-13","page","type-page","status-publish","hentry"],"yoast_head":"<!-- This site is optimized with the Yoast SEO plugin v25.9 - https:\/\/yoast.com\/wordpress\/plugins\/seo\/ -->\n<title>Li\u00ean h\u1ec7 - NH\u00c0 L\u1eaeP GH\u00c9P THI\u00caN \u00c2N<\/title>\n<meta name=\"robots\" content=\"index, follow, max-snippet:-1, max-image-preview:large, max-video-preview:-1\" \/>\n<link rel=\"canonical\" href=\"https:\/\/nhalapghepthienan.com\/index.php\/lien-he\/\" \/>\n<meta property=\"og:locale\" content=\"vi_VN\" \/>\n<meta property=\"og:type\" content=\"article\" \/>\n<meta property=\"og:title\" content=\"Li\u00ean h\u1ec7 - NH\u00c0 L\u1eaeP GH\u00c9P THI\u00caN \u00c2N\" \/>\n<meta property=\"og:url\" content=\"https:\/\/nhalapghepthienan.com\/index.php\/lien-he\/\" \/>\n<meta property=\"og:site_name\" content=\"NH\u00c0 L\u1eaeP GH\u00c9P THI\u00caN \u00c2N\" \/>\n<meta property=\"article:publisher\" content=\"https:\/\/www.facebook.com\/people\/Nh-lp-ghp\/61579949443644\/\" \/>\n<meta property=\"article:modified_time\" content=\"2025-09-02T15:15:44+00:00\" \/>\n<meta property=\"og:image\" content=\"https:\/\/nhalapghepthienan.com\/wp-content\/uploads\/2025\/09\/Anh-bia-Youtube-1024x576.png\" \/>\n\t<meta property=\"og:image:width\" content=\"1024\" \/>\n\t<meta property=\"og:image:height\" content=\"576\" \/>\n\t<meta property=\"og:image:type\" content=\"image\/png\" \/>\n<meta name=\"twitter:card\" content=\"summary_large_image\" \/>\n<script type=\"application\/ld+json\" class=\"yoast-schema-graph\">{\"@context\":\"https:\/\/schema.org\",\"@graph\":[{\"@type\":\"WebPage\",\"@id\":\"https:\/\/nhalapghepthienan.com\/index.php\/lien-he\/\",\"url\":\"https:\/\/nhalapghepthienan.com\/index.php\/lien-he\/\",\"name\":\"Li\u00ean h\u1ec7 - NH\u00c0 L\u1eaeP GH\u00c9P THI\u00caN \u00c2N\",\"isPartOf\":{\"@id\":\"https:\/\/nhalapghepthienan.com\/#website\"},\"primaryImageOfPage\":{\"@id\":\"https:\/\/nhalapghepthienan.com\/index.php\/lien-he\/#primaryimage\"},\"image\":{\"@id\":\"https:\/\/nhalapghepthienan.com\/index.php\/lien-he\/#primaryimage\"},\"thumbnailUrl\":\"https:\/\/nhalapghepthienan.com\/wp-content\/uploads\/2025\/09\/Anh-bia-Youtube.png\",\"datePublished\":\"2025-09-02T14:53:45+00:00\",\"dateModified\":\"2025-09-02T15:15:44+00:00\",\"breadcrumb\":{\"@id\":\"https:\/\/nhalapghepthienan.com\/index.php\/lien-he\/#breadcrumb\"},\"inLanguage\":\"vi\",\"potentialAction\":[{\"@type\":\"ReadAction\",\"target\":[\"https:\/\/nhalapghepthienan.com\/index.php\/lien-he\/\"]}]},{\"@type\":\"ImageObject\",\"inLanguage\":\"vi\",\"@id\":\"https:\/\/nhalapghepthienan.com\/index.php\/lien-he\/#primaryimage\",\"url\":\"https:\/\/nhalapghepthienan.com\/wp-content\/uploads\/2025\/09\/Anh-bia-Youtube.png\",\"contentUrl\":\"https:\/\/nhalapghepthienan.com\/wp-content\/uploads\/2025\/09\/Anh-bia-Youtube.png\",\"width\":2048,\"height\":1152},{\"@type\":\"BreadcrumbList\",\"@id\":\"https:\/\/nhalapghepthienan.com\/index.php\/lien-he\/#breadcrumb\",\"itemListElement\":[{\"@type\":\"ListItem\",\"position\":1,\"name\":\"Trang ch\u1ee7\",\"item\":\"https:\/\/nhalapghepthienan.com\/\"},{\"@type\":\"ListItem\",\"position\":2,\"name\":\"Li\u00ean h\u1ec7\"}]},{\"@type\":\"WebSite\",\"@id\":\"https:\/\/nhalapghepthienan.com\/#website\",\"url\":\"https:\/\/nhalapghepthienan.com\/\",\"name\":\"NH\u00c0 L\u1eaeP GH\u00c9P THI\u00caN \u00c2N\",\"description\":\"C\u1ef0C \u0110\u1eb8P - SI\u00caU NHANH - GI\u00c1 H\u1ee2P L\u00dd - G\u1eccI L\u00c0 C\u00d3 NGAY\",\"publisher\":{\"@id\":\"https:\/\/nhalapghepthienan.com\/#organization\"},\"potentialAction\":[{\"@type\":\"SearchAction\",\"target\":{\"@type\":\"EntryPoint\",\"urlTemplate\":\"https:\/\/nhalapghepthienan.com\/?s={search_term_string}\"},\"query-input\":{\"@type\":\"PropertyValueSpecification\",\"valueRequired\":true,\"valueName\":\"search_term_string\"}}],\"inLanguage\":\"vi\"},{\"@type\":\"Organization\",\"@id\":\"https:\/\/nhalapghepthienan.com\/#organization\",\"name\":\"NH\u00c0 L\u1eaeP GH\u00c9P THI\u00caN \u00c2N\",\"url\":\"https:\/\/nhalapghepthienan.com\/\",\"logo\":{\"@type\":\"ImageObject\",\"inLanguage\":\"vi\",\"@id\":\"https:\/\/nhalapghepthienan.com\/#\/schema\/logo\/image\/\",\"url\":\"https:\/\/nhalapghepthienan.com\/wp-content\/uploads\/2025\/09\/logo.png\",\"contentUrl\":\"https:\/\/nhalapghepthienan.com\/wp-content\/uploads\/2025\/09\/logo.png\",\"width\":500,\"height\":500,\"caption\":\"NH\u00c0 L\u1eaeP GH\u00c9P THI\u00caN \u00c2N\"},\"image\":{\"@id\":\"https:\/\/nhalapghepthienan.com\/#\/schema\/logo\/image\/\"},\"sameAs\":[\"https:\/\/www.facebook.com\/people\/Nh-lp-ghp\/61579949443644\/\",\"https:\/\/youtube.com\/@nhalapghepthienan?si=z6ACCZbH2XvG_X3U\"]}]}<\/script>\n<!-- \/ Yoast SEO plugin. -->","yoast_head_json":{"title":"Li\u00ean h\u1ec7 - NH\u00c0 L\u1eaeP GH\u00c9P THI\u00caN \u00c2N","robots":{"index":"index","follow":"follow","max-snippet":"max-snippet:-1","max-image-preview":"max-image-preview:large","max-video-preview":"max-video-preview:-1"},"canonical":"https:\/\/nhalapghepthienan.com\/index.php\/lien-he\/","og_locale":"vi_VN","og_type":"article","og_title":"Li\u00ean h\u1ec7 - NH\u00c0 L\u1eaeP GH\u00c9P THI\u00caN \u00c2N","og_url":"https:\/\/nhalapghepthienan.com\/index.php\/lien-he\/","og_site_name":"NH\u00c0 L\u1eaeP GH\u00c9P THI\u00caN \u00c2N","article_publisher":"https:\/\/www.facebook.com\/people\/Nh-lp-ghp\/61579949443644\/","article_modified_time":"2025-09-02T15:15:44+00:00","og_image":[{"width":1024,"height":576,"url":"https:\/\/nhalapghepthienan.com\/wp-content\/uploads\/2025\/09\/Anh-bia-Youtube-1024x576.png","type":"image\/png"}],"twitter_card":"summary_large_image","schema":{"@context":"https:\/\/schema.org","@graph":[{"@type":"WebPage","@id":"https:\/\/nhalapghepthienan.com\/index.php\/lien-he\/","url":"https:\/\/nhalapghepthienan.com\/index.php\/lien-he\/","name":"Li\u00ean h\u1ec7 - NH\u00c0 L\u1eaeP GH\u00c9P THI\u00caN \u00c2N","isPartOf":{"@id":"https:\/\/nhalapghepthienan.com\/#website"},"primaryImageOfPage":{"@id":"https:\/\/nhalapghepthienan.com\/index.php\/lien-he\/#primaryimage"},"image":{"@id":"https:\/\/nhalapghepthienan.com\/index.php\/lien-he\/#primaryimage"},"thumbnailUrl":"https:\/\/nhalapghepthienan.com\/wp-content\/uploads\/2025\/09\/Anh-bia-Youtube.png","datePublished":"2025-09-02T14:53:45+00:00","dateModified":"2025-09-02T15:15:44+00:00","breadcrumb":{"@id":"https:\/\/nhalapghepthienan.com\/index.php\/lien-he\/#breadcrumb"},"inLanguage":"vi","potentialAction":[{"@type":"ReadAction","target":["https:\/\/nhalapghepthienan.com\/index.php\/lien-he\/"]}]},{"@type":"ImageObject","inLanguage":"vi","@id":"https:\/\/nhalapghepthienan.com\/index.php\/lien-he\/#primaryimage","url":"https:\/\/nhalapghepthienan.com\/wp-content\/uploads\/2025\/09\/Anh-bia-Youtube.png","contentUrl":"https:\/\/nhalapghepthienan.com\/wp-content\/uploads\/2025\/09\/Anh-bia-Youtube.png","width":2048,"height":1152},{"@type":"BreadcrumbList","@id":"https:\/\/nhalapghepthienan.com\/index.php\/lien-he\/#breadcrumb","itemListElement":[{"@type":"ListItem","position":1,"name":"Trang ch\u1ee7","item":"https:\/\/nhalapghepthienan.com\/"},{"@type":"ListItem","position":2,"name":"Li\u00ean h\u1ec7"}]},{"@type":"WebSite","@id":"https:\/\/nhalapghepthienan.com\/#website","url":"https:\/\/nhalapghepthienan.com\/","name":"NH\u00c0 L\u1eaeP GH\u00c9P THI\u00caN \u00c2N","description":"C\u1ef0C \u0110\u1eb8P - SI\u00caU NHANH - GI\u00c1 H\u1ee2P L\u00dd - G\u1eccI L\u00c0 C\u00d3 NGAY","publisher":{"@id":"https:\/\/nhalapghepthienan.com\/#organization"},"potentialAction":[{"@type":"SearchAction","target":{"@type":"EntryPoint","urlTemplate":"https:\/\/nhalapghepthienan.com\/?s={search_term_string}"},"query-input":{"@type":"PropertyValueSpecification","valueRequired":true,"valueName":"search_term_string"}}],"inLanguage":"vi"},{"@type":"Organization","@id":"https:\/\/nhalapghepthienan.com\/#organization","name":"NH\u00c0 L\u1eaeP GH\u00c9P THI\u00caN \u00c2N","url":"https:\/\/nhalapghepthienan.com\/","logo":{"@type":"ImageObject","inLanguage":"vi","@id":"https:\/\/nhalapghepthienan.com\/#\/schema\/logo\/image\/","url":"https:\/\/nhalapghepthienan.com\/wp-content\/uploads\/2025\/09\/logo.png","contentUrl":"https:\/\/nhalapghepthienan.com\/wp-content\/uploads\/2025\/09\/logo.png","width":500,"height":500,"caption":"NH\u00c0 L\u1eaeP GH\u00c9P THI\u00caN \u00c2N"},"image":{"@id":"https:\/\/nhalapghepthienan.com\/#\/schema\/logo\/image\/"},"sameAs":["https:\/\/www.facebook.com\/people\/Nh-lp-ghp\/61579949443644\/","https:\/\/youtube.com\/@nhalapghepthienan?si=z6ACCZbH2XvG_X3U"]}]}},"_links":{"self":[{"href":"https:\/\/nhalapghepthienan.com\/index.php\/wp-json\/wp\/v2\/pages\/13","targetHints":{"allow":["GET"]}}],"collection":[{"href":"https:\/\/nhalapghepthienan.com\/index.php\/wp-json\/wp\/v2\/pages"}],"about":[{"href":"https:\/\/nhalapghepthienan.com\/index.php\/wp-json\/wp\/v2\/types\/page"}],"author":[{"embeddable":true,"href":"https:\/\/nhalapghepthienan.com\/index.php\/wp-json\/wp\/v2\/users\/1"}],"replies":[{"embeddable":true,"href":"https:\/\/nhalapghepthienan.com\/index.php\/wp-json\/wp\/v2\/comments?post=13"}],"version-history":[{"count":6,"href":"https:\/\/nhalapghepthienan.com\/index.php\/wp-json\/wp\/v2\/pages\/13\/revisions"}],"predecessor-version":[{"id":39,"href":"https:\/\/nhalapghepthienan.com\/index.php\/wp-json\/wp\/v2\/pages\/13\/revisions\/39"}],"wp:attachment":[{"href":"https:\/\/nhalapghepthienan.com\/index.php\/wp-json\/wp\/v2\/media?parent=13"}],"curies":[{"name":"wp","href":"https:\/\/api.w.org\/{rel}","templated":true}]}}